{"id":1178,"date":"2022-06-28T18:11:01","date_gmt":"2022-06-28T18:11:01","guid":{"rendered":"http:\/\/www.helvaciali.com\/menu\/?page_id=1178"},"modified":"2022-06-29T09:22:52","modified_gmt":"2022-06-29T09:22:52","slug":"qr-menu","status":"publish","type":"page","link":"https:\/\/www.helvaciali.com\/menu\/","title":{"rendered":"QR MENU"},"content":{"rendered":"<p>[vc_row full_width=&#8221;stretch_row_content_no_spaces&#8221; css=&#8221;.vc_custom_1503325156868{margin-bottom: 8vh !important;}&#8221;][vc_column]\t\t<div class=\"promo-banner-wrapper  wd-rs-62bb46fd89008 \">\n\t\t\t<div id=\"wd-62bb46fd89008\" class=\"promo-banner  banner- banner-hover-zoom color-scheme-light banner-btn-size-default banner-btn-style-default wd-underline-colored banner-vr-align-top banner-hr-align-left \"\n\t\t\t\t\t\t\t>\n\t\t\t\t<div class=\"main-wrapp-img\">\n\t\t\t\t\t<div class=\"banner-image wd-bg-position-center wd-without-height\" >\n\t\t\t\t\t\t<img loading=\"lazy\" decoding=\"async\" width=\"1717\" height=\"1054\" src=\"https:\/\/www.helvaciali.com\/menu\/wp-content\/uploads\/2022\/06\/logo.png\" class=\"promo-banner-image attachment-full\" alt=\"\" title=\"logo\" srcset=\"https:\/\/www.helvaciali.com\/menu\/wp-content\/uploads\/2022\/06\/logo.png 1717w, https:\/\/www.helvaciali.com\/menu\/wp-content\/uploads\/2022\/06\/logo-150x92.png 150w, https:\/\/www.helvaciali.com\/menu\/wp-content\/uploads\/2022\/06\/logo-600x368.png 600w, https:\/\/www.helvaciali.com\/menu\/wp-content\/uploads\/2022\/06\/logo-300x184.png 300w, https:\/\/www.helvaciali.com\/menu\/wp-content\/uploads\/2022\/06\/logo-1024x629.png 1024w, https:\/\/www.helvaciali.com\/menu\/wp-content\/uploads\/2022\/06\/logo-768x471.png 768w, https:\/\/www.helvaciali.com\/menu\/wp-content\/uploads\/2022\/06\/logo-1536x943.png 1536w\" sizes=\"auto, (max-width: 1717px) 100vw, 1717px\" \/>\t\t\t\t\t<\/div>\n\t\t\t\t<\/div>\n\n\t\t\t\t<div class=\"wrapper-content-banner wd-fill  wd-items-top wd-justify-left\">\n\t\t\t\t\t<div class=\"content-banner text-left wd-width-100\">\n\t\t\t\t\t\t<div class=\"banner-title-wrap banner-title-default\">\n\t\t\t\t\t\t\t\t\t\t\t\t\t<\/div>\n\t\t\t\t\t\t\t\t\t\t\t\t\t\t\t\t\t<\/div>\n\t\t\t\t<\/div>\n\t\t\t\t\t\t\t<\/div>\n\t\t<\/div>\n\n\t\t[\/vc_column][\/vc_row][vc_row][vc_column]\t\t\t<div id=\"wd-62bc12a5057af\" class=\"wd-text-block-wrapper wd-wpb wd-rs-62bc12a5057af color-scheme-custom wd-width-100 text-center vc_custom_1656492775554\">\n\t\t\t\t<div class=\"woodmart-title-container woodmart-text-block reset-last-child font-primary wd-font-weight-400 \">\n\t\t\t\t\tHelvac\u0131 Ali\t\t\t\t<\/div>\n\n\t\t\t\t\t\t\t<\/div>\n\t\t\t\t\t<div id=\"wd-62bc12ad376c6\" class=\"wd-text-block-wrapper wd-wpb wd-rs-62bc12ad376c6 color-scheme-dark wd-width-100 text-center vc_custom_1656492791278\">\n\t\t\t\t<div class=\"woodmart-title-container woodmart-text-block reset-last-child font-primary wd-font-weight-400 \">\n\t\t\t\t\tT\u00fcrkiye&#8217;nin Helvac\u0131s\u0131\t\t\t\t<\/div>\n\n\t\t\t\t\t\t\t<\/div>\n\t\t\t\t\t<div id=\"wd-62bc12d121c4e\" class=\"wd-text-block-wrapper wd-wpb wd-rs-62bc12d121c4e color-scheme- wd-width-40 text-center vc_custom_1656492960428\">\n\t\t\t\t<div class=\"woodmart-title-container woodmart-text-block reset-last-child font-text wd-font-weight- \">\n\t\t\t\t\tAll the Lorem Ipsum generators on the Internet tend to repeat predefined chunks as necessary, making this the first gen.\t\t\t\t<\/div>\n\n\t\t\t\t\t\t\t<\/div>\n\t\t[vc_tta_tabs color=&#8221;white&#8221; alignment=&#8221;center&#8221; active_section=&#8221;1&#8243; no_fill_content_area=&#8221;true&#8221;][vc_tta_section title=&#8221;Sade&#8221; tab_id=&#8221;featured-menu&#8221;][vc_row_inner][vc_column_inner width=&#8221;1\/2&#8243;]\t\t\t<div class=\"wd-menu-price wd-wpb   woodmart-menu-price\" >\n\t\t\t\t\t\t\t\t\t<div class=\"menu-price-image\">\n\t\t\t\t\t\t<img loading=\"lazy\" decoding=\"async\" width=\"478\" height=\"479\" src=\"https:\/\/www.helvaciali.com\/menu\/wp-content\/uploads\/2022\/06\/sadehelva-2.png\" class=\"attachment-full\" alt=\"\" title=\"sadehelva\" srcset=\"https:\/\/www.helvaciali.com\/menu\/wp-content\/uploads\/2022\/06\/sadehelva-2.png 478w, https:\/\/www.helvaciali.com\/menu\/wp-content\/uploads\/2022\/06\/sadehelva-2-300x300.png 300w, https:\/\/www.helvaciali.com\/menu\/wp-content\/uploads\/2022\/06\/sadehelva-2-150x150.png 150w\" sizes=\"auto, (max-width: 478px) 100vw, 478px\" \/>\t\t\t\t\t<\/div>\n\t\t\t\t\t\t\t\t<div class=\"menu-price-desc-wrapp\">\n\t\t\t\t\t<div class=\"menu-price-heading\">\n\t\t\t\t\t\t\t\t\t\t\t\t\t<h3 class=\"menu-price-title wd-entities-title\"><span>Standart Boy Dondurmal\u0131 \u0130rmik Helvas\u0131<\/span><\/h3>\n\t\t\t\t\t\t\t\t\t\t\t\t<div class=\"menu-price-price price\">16 \u20ba<\/div>\n\t\t\t\t\t<\/div>\n\t\t\t\t\t\t\t\t\t\t\t<div class=\"menu-price-details\">Standart Boy 100cc Kase<\/div>\n\t\t\t\t\t\t\t\t\t<\/div>\n\t\t\t<\/div>\n\t\t\t\t\t<div class=\"wd-menu-price wd-wpb   woodmart-menu-price\" >\n\t\t\t\t\t\t\t\t\t<div class=\"menu-price-image\">\n\t\t\t\t\t\t<img loading=\"lazy\" decoding=\"async\" width=\"534\" height=\"534\" src=\"https:\/\/www.helvaciali.com\/menu\/wp-content\/uploads\/2022\/06\/sade1.png\" class=\"attachment-full\" alt=\"\" title=\"sade1\" srcset=\"https:\/\/www.helvaciali.com\/menu\/wp-content\/uploads\/2022\/06\/sade1.png 534w, https:\/\/www.helvaciali.com\/menu\/wp-content\/uploads\/2022\/06\/sade1-300x300.png 300w, https:\/\/www.helvaciali.com\/menu\/wp-content\/uploads\/2022\/06\/sade1-150x150.png 150w\" sizes=\"auto, (max-width: 534px) 100vw, 534px\" \/>\t\t\t\t\t<\/div>\n\t\t\t\t\t\t\t\t<div class=\"menu-price-desc-wrapp\">\n\t\t\t\t\t<div class=\"menu-price-heading\">\n\t\t\t\t\t\t\t\t\t\t\t\t\t<h3 class=\"menu-price-title wd-entities-title\"><span>Ekstra Boy Dondurmal\u0131 \u0130rmik Helvas\u0131<\/span><\/h3>\n\t\t\t\t\t\t\t\t\t\t\t\t<div class=\"menu-price-price price\">23 \u20ba<\/div>\n\t\t\t\t\t<\/div>\n\t\t\t\t\t\t\t\t\t\t\t<div class=\"menu-price-details\">Ekstra Boy 200cc Kase<\/div>\n\t\t\t\t\t\t\t\t\t<\/div>\n\t\t\t<\/div>\n\t\t\t\t\t<div class=\"wd-menu-price wd-wpb   woodmart-menu-price\" >\n\t\t\t\t\t\t\t\t\t<div class=\"menu-price-image\">\n\t\t\t\t\t\t<img loading=\"lazy\" decoding=\"async\" width=\"534\" height=\"534\" src=\"https:\/\/www.helvaciali.com\/menu\/wp-content\/uploads\/2022\/06\/1.png\" class=\"attachment-full\" alt=\"\" title=\"1\" srcset=\"https:\/\/www.helvaciali.com\/menu\/wp-content\/uploads\/2022\/06\/1.png 534w, https:\/\/www.helvaciali.com\/menu\/wp-content\/uploads\/2022\/06\/1-300x300.png 300w, https:\/\/www.helvaciali.com\/menu\/wp-content\/uploads\/2022\/06\/1-150x150.png 150w\" sizes=\"auto, (max-width: 534px) 100vw, 534px\" \/>\t\t\t\t\t<\/div>\n\t\t\t\t\t\t\t\t<div class=\"menu-price-desc-wrapp\">\n\t\t\t\t\t<div class=\"menu-price-heading\">\n\t\t\t\t\t\t\t\t\t\t\t\t\t<h3 class=\"menu-price-title wd-entities-title\"><span>\u0130rmik Helvas\u0131 Kilo<\/span><\/h3>\n\t\t\t\t\t\t\t\t\t\t\t\t<div class=\"menu-price-price price\">76 \u20ba<\/div>\n\t\t\t\t\t<\/div>\n\t\t\t\t\t\t\t\t\t<\/div>\n\t\t\t<\/div>\n\t\t[\/vc_column_inner][vc_column_inner width=&#8221;1\/2&#8243;][\/vc_column_inner][\/vc_row_inner][\/vc_tta_section][vc_tta_section title=&#8221;Cennet \u00c7amuru&#8221; tab_id=&#8221;side-dishes&#8221;][vc_row_inner][vc_column_inner width=&#8221;1\/2&#8243;]\t\t\t<div class=\"wd-menu-price wd-wpb   woodmart-menu-price\" >\n\t\t\t\t\t\t\t\t\t<div class=\"menu-price-image\">\n\t\t\t\t\t\t<img loading=\"lazy\" decoding=\"async\" width=\"536\" height=\"534\" src=\"https:\/\/www.helvaciali.com\/menu\/wp-content\/uploads\/2022\/06\/cennet-camuru.png\" class=\"attachment-full\" alt=\"\" title=\"cennet-camuru\" srcset=\"https:\/\/www.helvaciali.com\/menu\/wp-content\/uploads\/2022\/06\/cennet-camuru.png 536w, https:\/\/www.helvaciali.com\/menu\/wp-content\/uploads\/2022\/06\/cennet-camuru-300x300.png 300w, https:\/\/www.helvaciali.com\/menu\/wp-content\/uploads\/2022\/06\/cennet-camuru-150x149.png 150w\" sizes=\"auto, (max-width: 536px) 100vw, 536px\" \/>\t\t\t\t\t<\/div>\n\t\t\t\t\t\t\t\t<div class=\"menu-price-desc-wrapp\">\n\t\t\t\t\t<div class=\"menu-price-heading\">\n\t\t\t\t\t\t\t\t\t\t\t\t\t<h3 class=\"menu-price-title wd-entities-title\"><span>Standart Boy Dondurmal\u0131 Cennet \u00c7amuru<\/span><\/h3>\n\t\t\t\t\t\t\t\t\t\t\t\t<div class=\"menu-price-price price\">26 \u20ba<\/div>\n\t\t\t\t\t<\/div>\n\t\t\t\t\t\t\t\t\t\t\t<div class=\"menu-price-details\">Standart Boy 100cc Kase<\/div>\n\t\t\t\t\t\t\t\t\t<\/div>\n\t\t\t<\/div>\n\t\t\t\t\t<div class=\"wd-menu-price wd-wpb   woodmart-menu-price\" >\n\t\t\t\t\t\t\t\t\t<div class=\"menu-price-image\">\n\t\t\t\t\t\t<img loading=\"lazy\" decoding=\"async\" width=\"536\" height=\"534\" src=\"https:\/\/www.helvaciali.com\/menu\/wp-content\/uploads\/2022\/06\/cennet-camuru.png\" class=\"attachment-full\" alt=\"\" title=\"cennet-camuru\" srcset=\"https:\/\/www.helvaciali.com\/menu\/wp-content\/uploads\/2022\/06\/cennet-camuru.png 536w, https:\/\/www.helvaciali.com\/menu\/wp-content\/uploads\/2022\/06\/cennet-camuru-300x300.png 300w, https:\/\/www.helvaciali.com\/menu\/wp-content\/uploads\/2022\/06\/cennet-camuru-150x149.png 150w\" sizes=\"auto, (max-width: 536px) 100vw, 536px\" \/>\t\t\t\t\t<\/div>\n\t\t\t\t\t\t\t\t<div class=\"menu-price-desc-wrapp\">\n\t\t\t\t\t<div class=\"menu-price-heading\">\n\t\t\t\t\t\t\t\t\t\t\t\t\t<h3 class=\"menu-price-title wd-entities-title\"><span>Standart Boy Dondurmas\u0131z Cennet \u00c7amuru<\/span><\/h3>\n\t\t\t\t\t\t\t\t\t\t\t\t<div class=\"menu-price-price price\">36 \u20ba<\/div>\n\t\t\t\t\t<\/div>\n\t\t\t\t\t\t\t\t\t\t\t<div class=\"menu-price-details\">Standart Boy 100cc Kase<\/div>\n\t\t\t\t\t\t\t\t\t<\/div>\n\t\t\t<\/div>\n\t\t\t\t\t<div class=\"wd-menu-price wd-wpb   woodmart-menu-price\" >\n\t\t\t\t\t\t\t\t\t<div class=\"menu-price-image\">\n\t\t\t\t\t\t<img loading=\"lazy\" decoding=\"async\" width=\"537\" height=\"539\" src=\"https:\/\/www.helvaciali.com\/menu\/wp-content\/uploads\/2022\/06\/large-cennet.png\" class=\"attachment-full\" alt=\"\" title=\"large-cennet\" srcset=\"https:\/\/www.helvaciali.com\/menu\/wp-content\/uploads\/2022\/06\/large-cennet.png 537w, https:\/\/www.helvaciali.com\/menu\/wp-content\/uploads\/2022\/06\/large-cennet-300x300.png 300w, https:\/\/www.helvaciali.com\/menu\/wp-content\/uploads\/2022\/06\/large-cennet-150x151.png 150w\" sizes=\"auto, (max-width: 537px) 100vw, 537px\" \/>\t\t\t\t\t<\/div>\n\t\t\t\t\t\t\t\t<div class=\"menu-price-desc-wrapp\">\n\t\t\t\t\t<div class=\"menu-price-heading\">\n\t\t\t\t\t\t\t\t\t\t\t\t\t<h3 class=\"menu-price-title wd-entities-title\"><span>Ekstra Boy Dondurmal\u0131 Cennet \u00c7amuru<\/span><\/h3>\n\t\t\t\t\t\t\t\t\t\t\t\t<div class=\"menu-price-price price\">42 \u20ba<\/div>\n\t\t\t\t\t<\/div>\n\t\t\t\t\t\t\t\t\t\t\t<div class=\"menu-price-details\">Ekstra Boy 200cc Kase<\/div>\n\t\t\t\t\t\t\t\t\t<\/div>\n\t\t\t<\/div>\n\t\t\t\t\t<div class=\"wd-menu-price wd-wpb   woodmart-menu-price\" >\n\t\t\t\t\t\t\t\t\t<div class=\"menu-price-image\">\n\t\t\t\t\t\t<img loading=\"lazy\" decoding=\"async\" width=\"537\" height=\"539\" src=\"https:\/\/www.helvaciali.com\/menu\/wp-content\/uploads\/2022\/06\/large-cennet.png\" class=\"attachment-full\" alt=\"\" title=\"large-cennet\" srcset=\"https:\/\/www.helvaciali.com\/menu\/wp-content\/uploads\/2022\/06\/large-cennet.png 537w, https:\/\/www.helvaciali.com\/menu\/wp-content\/uploads\/2022\/06\/large-cennet-300x300.png 300w, https:\/\/www.helvaciali.com\/menu\/wp-content\/uploads\/2022\/06\/large-cennet-150x151.png 150w\" sizes=\"auto, (max-width: 537px) 100vw, 537px\" \/>\t\t\t\t\t<\/div>\n\t\t\t\t\t\t\t\t<div class=\"menu-price-desc-wrapp\">\n\t\t\t\t\t<div class=\"menu-price-heading\">\n\t\t\t\t\t\t\t\t\t\t\t\t\t<h3 class=\"menu-price-title wd-entities-title\"><span>Ekstra Boy Dondurmas\u0131z Cennet \u00c7amuru<\/span><\/h3>\n\t\t\t\t\t\t\t\t\t\t\t\t<div class=\"menu-price-price price\">56 \u20ba<\/div>\n\t\t\t\t\t<\/div>\n\t\t\t\t\t\t\t\t\t\t\t<div class=\"menu-price-details\">Ekstra Boy 200cc Kase<\/div>\n\t\t\t\t\t\t\t\t\t<\/div>\n\t\t\t<\/div>\n\t\t[\/vc_column_inner][vc_column_inner width=&#8221;1\/2&#8243;]\t\t\t<div class=\"wd-menu-price wd-wpb   woodmart-menu-price\" >\n\t\t\t\t\t\t\t\t\t<div class=\"menu-price-image\">\n\t\t\t\t\t\t<img loading=\"lazy\" decoding=\"async\" width=\"537\" height=\"539\" src=\"https:\/\/www.helvaciali.com\/menu\/wp-content\/uploads\/2022\/06\/kilo-cennet-camuru.png\" class=\"attachment-full\" alt=\"\" title=\"kilo-cennet-camuru\" srcset=\"https:\/\/www.helvaciali.com\/menu\/wp-content\/uploads\/2022\/06\/kilo-cennet-camuru.png 537w, https:\/\/www.helvaciali.com\/menu\/wp-content\/uploads\/2022\/06\/kilo-cennet-camuru-300x300.png 300w, https:\/\/www.helvaciali.com\/menu\/wp-content\/uploads\/2022\/06\/kilo-cennet-camuru-150x151.png 150w\" sizes=\"auto, (max-width: 537px) 100vw, 537px\" \/>\t\t\t\t\t<\/div>\n\t\t\t\t\t\t\t\t<div class=\"menu-price-desc-wrapp\">\n\t\t\t\t\t<div class=\"menu-price-heading\">\n\t\t\t\t\t\t\t\t\t\t\t\t\t<h3 class=\"menu-price-title wd-entities-title\"><span>Cennet \u00c7amuru Kilo<\/span><\/h3>\n\t\t\t\t\t\t\t\t\t\t\t\t<div class=\"menu-price-price price\">235 \u20ba<\/div>\n\t\t\t\t\t<\/div>\n\t\t\t\t\t\t\t\t\t<\/div>\n\t\t\t<\/div>\n\t\t[\/vc_column_inner][\/vc_row_inner][\/vc_tta_section][vc_tta_section title=&#8221;Entree Salad&#8221; tab_id=&#8221;entree-salad&#8221;][vc_row_inner][vc_column_inner width=&#8221;1\/2&#8243;]\t\t\t<div class=\"wd-menu-price wd-wpb   woodmart-menu-price\" >\n\t\t\t\t\t\t\t\t\t<div class=\"menu-price-image\">\n\t\t\t\t\t\t\t\t\t\t\t<\/div>\n\t\t\t\t\t\t\t\t<div class=\"menu-price-desc-wrapp\">\n\t\t\t\t\t<div class=\"menu-price-heading\">\n\t\t\t\t\t\t\t\t\t\t\t\t\t<h3 class=\"menu-price-title wd-entities-title\"><span>Roast halibut with carrot butter<\/span><\/h3>\n\t\t\t\t\t\t\t\t\t\t\t\t<div class=\"menu-price-price price\">$30.00<\/div>\n\t\t\t\t\t<\/div>\n\t\t\t\t\t\t\t\t\t\t\t<div class=\"menu-price-details\">Ullamcorper ultricies scelerisque viverra commodo aliquam vestibulum et adipiscing convallis vestibulum.<\/div>\n\t\t\t\t\t\t\t\t\t<\/div>\n\t\t\t<\/div>\n\t\t\t\t\t<div class=\"wd-menu-price wd-wpb   woodmart-menu-price\" >\n\t\t\t\t\t\t\t\t\t<div class=\"menu-price-image\">\n\t\t\t\t\t\t\t\t\t\t\t<\/div>\n\t\t\t\t\t\t\t\t<div class=\"menu-price-desc-wrapp\">\n\t\t\t\t\t<div class=\"menu-price-heading\">\n\t\t\t\t\t\t\t\t\t\t\t\t\t<h3 class=\"menu-price-title wd-entities-title\"><span>Rib eye cream sauce m\u00e2che mix<\/span><\/h3>\n\t\t\t\t\t\t\t\t\t\t\t\t<div class=\"menu-price-price price\">$29.00<\/div>\n\t\t\t\t\t<\/div>\n\t\t\t\t\t\t\t\t\t\t\t<div class=\"menu-price-details\">Quam condimentum at quam vel hac a suspendisse in mi sodales a a elit elit convallis. Ridiculus dis magna a tristique.<\/div>\n\t\t\t\t\t\t\t\t\t<\/div>\n\t\t\t<\/div>\n\t\t\t\t\t<div class=\"wd-menu-price wd-wpb   woodmart-menu-price\" >\n\t\t\t\t\t\t\t\t\t<div class=\"menu-price-image\">\n\t\t\t\t\t\t\t\t\t\t\t<\/div>\n\t\t\t\t\t\t\t\t<div class=\"menu-price-desc-wrapp\">\n\t\t\t\t\t<div class=\"menu-price-heading\">\n\t\t\t\t\t\t\t\t\t\t\t\t\t<h3 class=\"menu-price-title wd-entities-title\"><span>Pan seared red snapper<\/span><\/h3>\n\t\t\t\t\t\t\t\t\t\t\t\t<div class=\"menu-price-price price\">$25.00<\/div>\n\t\t\t\t\t<\/div>\n\t\t\t\t\t\t\t\t\t\t\t<div class=\"menu-price-details\">Condimentum vestibulum hac aenean parturient eu ullamcorper integer ad class id ut a curaea cras laoreet uter.<\/div>\n\t\t\t\t\t\t\t\t\t<\/div>\n\t\t\t<\/div>\n\t\t\t\t\t<div class=\"wd-menu-price wd-wpb   woodmart-menu-price\" >\n\t\t\t\t\t\t\t\t\t<div class=\"menu-price-image\">\n\t\t\t\t\t\t\t\t\t\t\t<\/div>\n\t\t\t\t\t\t\t\t<div class=\"menu-price-desc-wrapp\">\n\t\t\t\t\t<div class=\"menu-price-heading\">\n\t\t\t\t\t\t\t\t\t\t\t\t\t<h3 class=\"menu-price-title wd-entities-title\"><span>Seared chicken with braised onions<\/span><\/h3>\n\t\t\t\t\t\t\t\t\t\t\t\t<div class=\"menu-price-price price\">$38.00<\/div>\n\t\t\t\t\t<\/div>\n\t\t\t\t\t\t\t\t\t\t\t<div class=\"menu-price-details\">A diam hendrerit fringilla porttitor augue a vestibulum ante senectus suspendisse facilisis a a ultricies tellus a integer.<\/div>\n\t\t\t\t\t\t\t\t\t<\/div>\n\t\t\t<\/div>\n\t\t[\/vc_column_inner][vc_column_inner width=&#8221;1\/2&#8243;]\t\t\t<div class=\"wd-menu-price wd-wpb   woodmart-menu-price\" >\n\t\t\t\t\t\t\t\t\t<div class=\"menu-price-image\">\n\t\t\t\t\t\t\t\t\t\t\t<\/div>\n\t\t\t\t\t\t\t\t<div class=\"menu-price-desc-wrapp\">\n\t\t\t\t\t<div class=\"menu-price-heading\">\n\t\t\t\t\t\t\t\t\t\t\t\t\t<h3 class=\"menu-price-title wd-entities-title\"><span>Buttermilk fried chicken &amp; mash<\/span><\/h3>\n\t\t\t\t\t\t\t\t\t\t\t\t<div class=\"menu-price-price price\">$46.00<\/div>\n\t\t\t\t\t<\/div>\n\t\t\t\t\t\t\t\t\t\t\t<div class=\"menu-price-details\">Nulla adipiscing suspendisse a vestibulum ipsum curabitur elementum habitasse suspendisse lacus per sem at feugias.<\/div>\n\t\t\t\t\t\t\t\t\t<\/div>\n\t\t\t<\/div>\n\t\t\t\t\t<div class=\"wd-menu-price wd-wpb   woodmart-menu-price\" >\n\t\t\t\t\t\t\t\t\t<div class=\"menu-price-image\">\n\t\t\t\t\t\t\t\t\t\t\t<\/div>\n\t\t\t\t\t\t\t\t<div class=\"menu-price-desc-wrapp\">\n\t\t\t\t\t<div class=\"menu-price-heading\">\n\t\t\t\t\t\t\t\t\t\t\t\t\t<h3 class=\"menu-price-title wd-entities-title\"><span>Braised pork osso buco<\/span><\/h3>\n\t\t\t\t\t\t\t\t\t\t\t\t<div class=\"menu-price-price price\">$45.00<\/div>\n\t\t\t\t\t<\/div>\n\t\t\t\t\t\t\t\t\t\t\t<div class=\"menu-price-details\">Dapibus accumsan scelerisque parturient consectetur vestibulum ut vestibulum nullam dolor venenatis senectus.<\/div>\n\t\t\t\t\t\t\t\t\t<\/div>\n\t\t\t<\/div>\n\t\t\t\t\t<div class=\"wd-menu-price wd-wpb   woodmart-menu-price\" >\n\t\t\t\t\t\t\t\t\t<div class=\"menu-price-image\">\n\t\t\t\t\t\t\t\t\t\t\t<\/div>\n\t\t\t\t\t\t\t\t<div class=\"menu-price-desc-wrapp\">\n\t\t\t\t\t<div class=\"menu-price-heading\">\n\t\t\t\t\t\t\t\t\t\t\t\t\t<h3 class=\"menu-price-title wd-entities-title\"><span>Roast pork shoulder confit potatoes<\/span><\/h3>\n\t\t\t\t\t\t\t\t\t\t\t\t<div class=\"menu-price-price price\">$42.00<\/div>\n\t\t\t\t\t<\/div>\n\t\t\t\t\t\t\t\t\t\t\t<div class=\"menu-price-details\">Fusce justo dapibus ad a dui lacinia tincidunt hac magna bibendum et ut id condimentum est sem molestie felis.<\/div>\n\t\t\t\t\t\t\t\t\t<\/div>\n\t\t\t<\/div>\n\t\t\t\t\t<div class=\"wd-menu-price wd-wpb   woodmart-menu-price\" >\n\t\t\t\t\t\t\t\t\t<div class=\"menu-price-image\">\n\t\t\t\t\t\t\t\t\t\t\t<\/div>\n\t\t\t\t\t\t\t\t<div class=\"menu-price-desc-wrapp\">\n\t\t\t\t\t<div class=\"menu-price-heading\">\n\t\t\t\t\t\t\t\t\t\t\t\t\t<h3 class=\"menu-price-title wd-entities-title\"><span>Crispy pork belly salsa verde<\/span><\/h3>\n\t\t\t\t\t\t\t\t\t\t\t\t<div class=\"menu-price-price price\">$34.00<\/div>\n\t\t\t\t\t<\/div>\n\t\t\t\t\t\t\t\t\t\t\t<div class=\"menu-price-details\">Viverra commodo aliquam vestibulum et adipiscing convallis vestibulum dis integer enim diam magna.<\/div>\n\t\t\t\t\t\t\t\t\t<\/div>\n\t\t\t<\/div>\n\t\t[\/vc_column_inner][\/vc_row_inner][\/vc_tta_section][\/vc_tta_tabs][\/vc_column][\/vc_row]<\/p>\n","protected":false},"excerpt":{"rendered":"<p>[vc_row full_width=&#8221;stretch_row_content_no_spaces&#8221; css=&#8221;.vc_custom_1503325156868{margin-bottom: 8vh !important;}&#8221;][vc_column][\/vc_column][\/vc_row][vc_row][vc_column][vc_tta_tabs color=&#8221;white&#8221; alignment=&#8221;center&#8221; active_section=&#8221;1&#8243; no_fill_content_area=&#8221;true&#8221;][vc_tta_section title=&#8221;Sade&#8221; tab_id=&#8221;featured-menu&#8221;][vc_row_inner][vc_column_inner width=&#8221;1\/2&#8243;][\/vc_column_inner][vc_column_inner width=&#8221;1\/2&#8243;][\/vc_column_inner][\/vc_row_inner][\/vc_tta_section][vc_tta_section title=&#8221;Cennet \u00c7amuru&#8221; tab_id=&#8221;side-dishes&#8221;][vc_row_inner][vc_column_inner width=&#8221;1\/2&#8243;][\/vc_column_inner][vc_column_inner width=&#8221;1\/2&#8243;][\/vc_column_inner][\/vc_row_inner][\/vc_tta_section][vc_tta_section title=&#8221;Entree Salad&#8221;<\/p>\n","protected":false},"author":1,"featured_media":0,"parent":0,"menu_order":0,"comment_status":"closed","ping_status":"closed","template":"","meta":{"footnotes":""},"class_list":["post-1178","page","type-page","status-publish","hentry"],"_links":{"self":[{"href":"https:\/\/www.helvaciali.com\/menu\/wp-json\/wp\/v2\/pages\/1178","targetHints":{"allow":["GET"]}}],"collection":[{"href":"https:\/\/www.helvaciali.com\/menu\/wp-json\/wp\/v2\/pages"}],"about":[{"href":"https:\/\/www.helvaciali.com\/menu\/wp-json\/wp\/v2\/types\/page"}],"author":[{"embeddable":true,"href":"https:\/\/www.helvaciali.com\/menu\/wp-json\/wp\/v2\/users\/1"}],"replies":[{"embeddable":true,"href":"https:\/\/www.helvaciali.com\/menu\/wp-json\/wp\/v2\/comments?post=1178"}],"version-history":[{"count":21,"href":"https:\/\/www.helvaciali.com\/menu\/wp-json\/wp\/v2\/pages\/1178\/revisions"}],"predecessor-version":[{"id":5256,"href":"https:\/\/www.helvaciali.com\/menu\/wp-json\/wp\/v2\/pages\/1178\/revisions\/5256"}],"wp:attachment":[{"href":"https:\/\/www.helvaciali.com\/menu\/wp-json\/wp\/v2\/media?parent=1178"}],"curies":[{"name":"wp","href":"https:\/\/api.w.org\/{rel}","templated":true}]}}